{"id":2739,"date":"2020-03-02T15:24:00","date_gmt":"2020-03-02T20:24:00","guid":{"rendered":"http:\/\/casadeencuentrosantamaria.org\/?page_id=2739"},"modified":"2020-03-04T14:04:19","modified_gmt":"2020-03-04T19:04:19","slug":"nuestra-casa","status":"publish","type":"page","link":"https:\/\/casadeencuentrosantamaria.org\/?page_id=2739","title":{"rendered":"NUESTRA CASA"},"content":{"rendered":"<div class=\"wpb-content-wrapper\"><p>[vc_row][vc_column][vc_column_text]<\/p>\n<p><img fetchpriority=\"high\" decoding=\"async\" class=\"alignright wp-image-2742\" src=\"http:\/\/casadeencuentrosantamaria.org\/wp-content\/uploads\/2020\/03\/casa1.jpg\" alt=\"\" width=\"524\" height=\"345\" \/><\/p>\n<h4>Nuestra casa desde 2005.<\/h4>\n<p>&nbsp;<\/p>\n<p>En el a\u00f1o 2005 se termina de construir la primera casa de Espiritualidad de las Esclavas del Sagrado Coraz\u00f3n en Colombia.<\/p>\n<p>&nbsp;<\/p>\n<p style=\"text-align: justify;\">En 2019 se celebr\u00f3 la primera Reuni\u00f3n Intermedia en esta provincia con la presencia de la Superiora General y su consejo y todas las provinciales de los pa\u00edses donde estamos presentes las Esclavas.<\/p>\n<p>&nbsp;<\/p>\n<p style=\"text-align: justify;\">La casa Santa Mar\u00eda es un Centro de Espiritualidad dirigido por las Religiosas Esclavas del Sagrado Coraz\u00f3n de Jes\u00fas, que desde la Eucarist\u00eda y la Espiritualidad Ignaciana, acoge a los que vienen y da la oportunidad de acercarse a Dios y encontrar medios de crecimiento humano.<\/p>\n<p>&nbsp;<\/p>\n<!-- \/wp:paragraph -->\n<p style=\"text-align: justify;\"><!-- wp:paragraph -->La Casa de Encuentros Santa Mar\u00eda es un espacio apropiado para hacer Ejercicios Espirituales, especialmente Ignacianos, oraci\u00f3n personal y grupal, adoraci\u00f3n Eucar\u00edstica, celebraciones lit\u00fargicas, convivencias para alumnos de Colegios, Universidades, Comunidades Religiosas, retiros y talleres de formaci\u00f3n, acompa\u00f1amiento personalizado de Ejercicios Espirituales a religiosos\/as y laicos, eventos educativos y empresariales.<\/p>\n<p>&nbsp;<\/p>\n<p>&nbsp;<\/p>\n<p><!-- \/wp:paragraph --><img decoding=\"async\" class=\"alignright wp-image-2742\" src=\"http:\/\/casadeencuentrosantamaria.org\/wp-content\/uploads\/2020\/03\/casa2.jpg\" alt=\"\" width=\"524\" height=\"345\" \/><\/p>\n<p style=\"text-align: justify;\"><!-- wp:paragraph -->La distribuci\u00f3n de la casa propicia el encuentro con Dios, consigo mismo y con los dem\u00e1s, la reconciliaci\u00f3n, el discernimiento personal y comunitario, la formaci\u00f3n en valores cat\u00f3licos y formaci\u00f3n humana.<\/p>\n<p>&nbsp;<\/p>\n<!-- \/wp:paragraph -->\n<p style=\"text-align: justify;\"><!-- wp:paragraph -->La casa esta ubicada al norte de la ciudad, con facilidad de acceso y transporte, la experiencia de las Religiosas en atenci\u00f3n de Centros de Espiritualidad garantizan seriedad y responsabilidad en los servicios a grupos nacionales e internacionales.<\/p>\n<p>[\/vc_column_text][\/vc_column][\/vc_row]<\/p>\n<\/div>","protected":false},"excerpt":{"rendered":"[vc_row][vc_column][vc_column_text] Nuestra casa desde 2005. &nbsp; En el a\u00f1o 2005 se termina de construir la primera casa de Espiritualidad de las Esclavas del Sagrado Coraz\u00f3n en Colombia. &nbsp; En 2019 &#8230;","protected":false},"author":1,"featured_media":0,"parent":0,"menu_order":0,"comment_status":"closed","ping_status":"closed","template":"","meta":{"_EventAllDay":false,"_EventTimezone":"","_EventStartDate":"","_EventEndDate":"","_EventStartDateUTC":"","_EventEndDateUTC":"","_EventShowMap":false,"_EventShowMapLink":false,"_EventURL":"","_EventCost":"","_EventCostDescription":"","_EventCurrencySymbol":"","_EventCurrencyCode":"","_EventCurrencyPosition":"","_EventDateTimeSeparator":"","_EventTimeRangeSeparator":"","_EventOrganizerID":[],"_EventVenueID":[],"_OrganizerEmail":"","_OrganizerPhone":"","_OrganizerWebsite":"","_VenueAddress":"","_VenueCity":"","_VenueCountry":"","_VenueProvince":"","_VenueState":"","_VenueZip":"","_VenuePhone":"","_VenueURL":"","_VenueStateProvince":"","_VenueLat":"","_VenueLng":"","_VenueShowMap":false,"_VenueShowMapLink":false,"footnotes":""},"class_list":["post-2739","page","type-page","status-publish","hentry"],"_links":{"self":[{"href":"https:\/\/casadeencuentrosantamaria.org\/index.php?rest_route=\/wp\/v2\/pages\/2739"}],"collection":[{"href":"https:\/\/casadeencuentrosantamaria.org\/index.php?rest_route=\/wp\/v2\/pages"}],"about":[{"href":"https:\/\/casadeencuentrosantamaria.org\/index.php?rest_route=\/wp\/v2\/types\/page"}],"author":[{"embeddable":true,"href":"https:\/\/casadeencuentrosantamaria.org\/index.php?rest_route=\/wp\/v2\/users\/1"}],"replies":[{"embeddable":true,"href":"https:\/\/casadeencuentrosantamaria.org\/index.php?rest_route=%2Fwp%2Fv2%2Fcomments&post=2739"}],"version-history":[{"count":0,"href":"https:\/\/casadeencuentrosantamaria.org\/index.php?rest_route=\/wp\/v2\/pages\/2739\/revisions"}],"wp:attachment":[{"href":"https:\/\/casadeencuentrosantamaria.org\/index.php?rest_route=%2Fwp%2Fv2%2Fmedia&parent=2739"}],"curies":[{"name":"wp","href":"https:\/\/api.w.org\/{rel}","templated":true}]}}