{"id":2812,"date":"2020-03-03T11:08:04","date_gmt":"2020-03-03T16:08:04","guid":{"rendered":"http:\/\/casadeencuentrosantamaria.org\/?page_id=2812"},"modified":"2020-03-03T12:01:00","modified_gmt":"2020-03-03T17:01:00","slug":"que-son","status":"publish","type":"page","link":"https:\/\/casadeencuentrosantamaria.org\/?page_id=2812","title":{"rendered":"\u00bfQu\u00e9 son?"},"content":{"rendered":"<div class=\"wpb-content-wrapper\"><p>[vc_row][vc_column][vc_column_text]<img fetchpriority=\"high\" decoding=\"async\" class=\"wp-image-2826 alignleft\" src=\"http:\/\/casadeencuentrosantamaria.org\/wp-content\/uploads\/2020\/03\/St-Ignatius-of-Loyola-1024x1024-1.jpg\" alt=\"\" width=\"395\" height=\"395\" srcset=\"https:\/\/casadeencuentrosantamaria.org\/wp-content\/uploads\/2020\/03\/St-Ignatius-of-Loyola-1024x1024-1.jpg 1024w, https:\/\/casadeencuentrosantamaria.org\/wp-content\/uploads\/2020\/03\/St-Ignatius-of-Loyola-1024x1024-1-100x100.jpg 100w, https:\/\/casadeencuentrosantamaria.org\/wp-content\/uploads\/2020\/03\/St-Ignatius-of-Loyola-1024x1024-1-600x600.jpg 600w, https:\/\/casadeencuentrosantamaria.org\/wp-content\/uploads\/2020\/03\/St-Ignatius-of-Loyola-1024x1024-1-300x300.jpg 300w, https:\/\/casadeencuentrosantamaria.org\/wp-content\/uploads\/2020\/03\/St-Ignatius-of-Loyola-1024x1024-1-150x150.jpg 150w, https:\/\/casadeencuentrosantamaria.org\/wp-content\/uploads\/2020\/03\/St-Ignatius-of-Loyola-1024x1024-1-768x768.jpg 768w\" sizes=\"(max-width: 395px) 100vw, 395px\" \/>\n<h1 class=\"wp-block-heading\">\u00bfQU\u00c9 SON?<\/h1>\n<br \/>\n<p style=\"text-align: justify;\">Los ejercicios espirituales nacen de la experiencia personal de\u00a0San Ignacio de Loyola, peregrino en b\u00fasqueda de la voluntad de Dios.<\/p>\n<br \/>\n<p style=\"text-align: justify;\">Puso por escrito algunas de las cosas que le hab\u00edan ayudado personalmente, para poder as\u00ed ayudar a otros.\u00a0Por eso los ejercicios son tambi\u00e9n un libro escrito en un estilo conciso, dirigido sobre todo a quien los da. Tienen mucho de m\u00e9todo y de pedagog\u00eda.<\/p>\n<br \/>\n<p style=\"text-align: justify;\">Desde hace cinco siglos han sido un modo\u00a0de ayudar al encuentro con Dios en la propia vida, en el camino \u00fanico e irrepetible de cada persona. Por eso los ejercicios acaban siendo una experiencia\u00a0que marca un antes y un despu\u00e9s en quien los hace.<\/p>\n<p>&nbsp;<\/p>\n<p>&nbsp;<\/p>\n<br \/>\n<p>&nbsp;<\/p>\n<p>&nbsp;<\/p>\n<h1 class=\"wp-block-heading\">\u00bfQU\u00c9 SENTIDO TIENEN?<\/h1>\n<br \/>\n<ul class=\"wp-block-list\">\n<li style=\"text-align: justify;\"><img decoding=\"async\" class=\"alignright wp-image-2825\" style=\"text-align: start;\" src=\"http:\/\/casadeencuentrosantamaria.org\/wp-content\/uploads\/2020\/03\/SIS_0842-e1528450532304.jpg\" alt=\"\" width=\"358\" height=\"398\" srcset=\"https:\/\/casadeencuentrosantamaria.org\/wp-content\/uploads\/2020\/03\/SIS_0842-e1528450532304.jpg 794w, https:\/\/casadeencuentrosantamaria.org\/wp-content\/uploads\/2020\/03\/SIS_0842-e1528450532304-600x668.jpg 600w, https:\/\/casadeencuentrosantamaria.org\/wp-content\/uploads\/2020\/03\/SIS_0842-e1528450532304-269x300.jpg 269w, https:\/\/casadeencuentrosantamaria.org\/wp-content\/uploads\/2020\/03\/SIS_0842-e1528450532304-768x855.jpg 768w\" sizes=\"(max-width: 358px) 100vw, 358px\" \/>Los ejercicios espirituales se hacen para tomarse el Evangelio de Jesucristo en serio.<\/li>\n<\/ul>\n<p>&nbsp;<\/p>\n<ul>\n<li style=\"text-align: justify;\">Para romper las ataduras interiores\u00a0que\u00a0nos impiden ser verdaderamente libres para amar.<\/li>\n<\/ul>\n<p>&nbsp;<\/p>\n<ul>\n<li style=\"text-align: justify;\">Para\u00a0descubrir el verdadero rostro de Dios, el que nos ense\u00f1a Jes\u00fas.<\/li>\n<\/ul>\n<p>&nbsp;<\/p>\n<ul>\n<li style=\"text-align: justify;\">Para percibir el modo concreto en que Dios nos invita a amar y servir.<\/li>\n<\/ul>\n<p>&nbsp;<\/p>\n<ul>\n<li style=\"text-align: justify;\">Para no contentarnos con una vida mediocre, a medio gas, y llenarla de todo el sentido.<\/li>\n<\/ul>\n<p>&nbsp;<\/p>\n<ul>\n<li>Para ir m\u00e1s all\u00e1 de las ideolog\u00edas, de las buenas intenciones, de las emociones pasajeras y saborear una verdad gozosa que permanece\u2026<\/li>\n<\/ul>\n<p>&nbsp;<\/p>\n<br \/><br \/><img decoding=\"async\" class=\"wp-image-2824 alignleft\" src=\"http:\/\/casadeencuentrosantamaria.org\/wp-content\/uploads\/2020\/03\/paraquien-e1528449931856.jpg\" alt=\"\" width=\"407\" height=\"342\" \/><br \/>\n<h1 class=\"wp-block-heading\">\u00bfA QUI\u00c9N VAN DIRIGIDOS?<\/h1>\n<br \/>\n<p style=\"text-align: justify;\">Los Ejercicios Espirituales no son para gente buena, que adem\u00e1s se lo sabe, y no siente el aguij\u00f3n de un \u201cm\u00e1s\u201d. No son para esp\u00edritus conformistas, ni para aquellos que lo quieren todo sin renunciar a nada.<\/p>\n<br \/>\n<p style=\"text-align: justify;\">Son para\u00a0gente capaz de poner en juego lo que tiene para perseguir lo que ama, con un talante emprendedor y arriesgado en correspondencia con una apuesta existencial de gran calado.<\/p>\n<br \/>\n<p style=\"text-align: justify;\">Gente sedienta de conversi\u00f3n profunda porque sabe que necesita algo m\u00e1s y algo distinto, o est\u00e1 atravesada por la b\u00fasqueda y el anhelo de lo que Jesucristo promete.<\/p>\n<br \/>\n<p style=\"text-align: justify;\">Los Ejercicios requieren de la persona cierta estabilidad emocional, compromiso para mantener los tiempos de oraci\u00f3n personal\u00a0y capacidad para interiorizaci\u00f3n.<\/p>\n<p>&nbsp;<\/p>\n<br \/>\n<p>&nbsp;<\/p>\n<h1 class=\"wp-block-heading\">\u00bfC\u00d3MO SE HACEN?<\/h1>\n<br \/>\n<p style=\"text-align: justify;\"><img loading=\"lazy\" decoding=\"async\" class=\"alignright wp-image-2823\" src=\"http:\/\/casadeencuentrosantamaria.org\/wp-content\/uploads\/2020\/03\/slide2-1.jpg\" alt=\"\" width=\"334\" height=\"190\" \/>Siempre hace falta reservar un tiempo para la oraci\u00f3n personal, para la intimidad con Dios, con la ayuda de las orientaciones que proporciona la persona que los da. Reposar las experiencias vividas, examinarlas para descubrir su significado m\u00e1s profundo.<\/p>\n<br \/>\n<p style=\"text-align: justify;\">El acompa\u00f1amiento personal\u00a0ayuda a orientar el proceso, descubrir la voluntad de Dios en la propia vida, animar y fortalecer al compromiso.<\/p>\n<p><br \/>\u00a0<\/p>\n<p>[\/vc_column_text][\/vc_column][\/vc_row]<\/p>\n<\/div>","protected":false},"excerpt":{"rendered":"[vc_row][vc_column][vc_column_text] \u00bfQU\u00c9 SON? Los ejercicios espirituales nacen de la experiencia personal de\u00a0San Ignacio de Loyola, peregrino en b\u00fasqueda de la voluntad de Dios. Puso por escrito algunas de las cosas &#8230;","protected":false},"author":1,"featured_media":0,"parent":0,"menu_order":0,"comment_status":"closed","ping_status":"closed","template":"","meta":{"_EventAllDay":false,"_EventTimezone":"","_EventStartDate":"","_EventEndDate":"","_EventStartDateUTC":"","_EventEndDateUTC":"","_EventShowMap":false,"_EventShowMapLink":false,"_EventURL":"","_EventCost":"","_EventCostDescription":"","_EventCurrencySymbol":"","_EventCurrencyCode":"","_EventCurrencyPosition":"","_EventDateTimeSeparator":"","_EventTimeRangeSeparator":"","_EventOrganizerID":[],"_EventVenueID":[],"_OrganizerEmail":"","_OrganizerPhone":"","_OrganizerWebsite":"","_VenueAddress":"","_VenueCity":"","_VenueCountry":"","_VenueProvince":"","_VenueState":"","_VenueZip":"","_VenuePhone":"","_VenueURL":"","_VenueStateProvince":"","_VenueLat":"","_VenueLng":"","_VenueShowMap":false,"_VenueShowMapLink":false,"footnotes":""},"class_list":["post-2812","page","type-page","status-publish","hentry"],"_links":{"self":[{"href":"https:\/\/casadeencuentrosantamaria.org\/index.php?rest_route=\/wp\/v2\/pages\/2812"}],"collection":[{"href":"https:\/\/casadeencuentrosantamaria.org\/index.php?rest_route=\/wp\/v2\/pages"}],"about":[{"href":"https:\/\/casadeencuentrosantamaria.org\/index.php?rest_route=\/wp\/v2\/types\/page"}],"author":[{"embeddable":true,"href":"https:\/\/casadeencuentrosantamaria.org\/index.php?rest_route=\/wp\/v2\/users\/1"}],"replies":[{"embeddable":true,"href":"https:\/\/casadeencuentrosantamaria.org\/index.php?rest_route=%2Fwp%2Fv2%2Fcomments&post=2812"}],"version-history":[{"count":0,"href":"https:\/\/casadeencuentrosantamaria.org\/index.php?rest_route=\/wp\/v2\/pages\/2812\/revisions"}],"wp:attachment":[{"href":"https:\/\/casadeencuentrosantamaria.org\/index.php?rest_route=%2Fwp%2Fv2%2Fmedia&parent=2812"}],"curies":[{"name":"wp","href":"https:\/\/api.w.org\/{rel}","templated":true}]}}