{"id":2853,"date":"2020-03-03T17:45:16","date_gmt":"2020-03-03T22:45:16","guid":{"rendered":"http:\/\/casadeencuentrosantamaria.org\/?page_id=2853"},"modified":"2024-05-01T00:06:53","modified_gmt":"2024-05-01T05:06:53","slug":"actividades","status":"publish","type":"page","link":"https:\/\/casadeencuentrosantamaria.org\/?page_id=2853","title":{"rendered":"ACTIVIDADES"},"content":{"rendered":"<div class=\"wpb-content-wrapper\"><p>[vc_row][vc_column][vc_column_text]<\/p>\r\n<h1 class=\"wp-block-heading\" style=\"text-align: left;\">LA CASA DE<br \/>ENCUENTROS SANTA MAR\u00cdA<br \/>EST\u00c1 ABIERTA A\u2026<\/h1>\r\n\r\n<p>&nbsp;<\/p>\r\n\r\n<p>&nbsp;<\/p>\r\n\r\n<h1 class=\"wp-block-heading\">\u00a0<\/h1>\r\n<p><img fetchpriority=\"high\" decoding=\"async\" class=\"wp-image-2867 alignright\" src=\"https:\/\/casadeencuentrosantamaria.org\/wp-content\/uploads\/2020\/03\/17392.jpg\" alt=\"\" width=\"549\" height=\"366\" srcset=\"https:\/\/casadeencuentrosantamaria.org\/wp-content\/uploads\/2020\/03\/17392.jpg 640w, https:\/\/casadeencuentrosantamaria.org\/wp-content\/uploads\/2020\/03\/17392-600x400.jpg 600w, https:\/\/casadeencuentrosantamaria.org\/wp-content\/uploads\/2020\/03\/17392-300x200.jpg 300w\" sizes=\"(max-width: 549px) 100vw, 549px\" \/><\/p>\r\n<h1>\u00a0<\/h1>\r\n<h1>\u00a0<\/h1>\r\n<h1>CONVIVENCIAS Y RETIROS PARA J\u00d3VENES Y ADULTOS<\/h1>\r\n<h1>\u00a0<\/h1>\r\n<p>&nbsp;<\/p>\r\n<p>&nbsp;<\/p>\r\n<p>&nbsp;<\/p>\r\n<p><img decoding=\"async\" class=\"wp-image-2866 alignleft\" src=\"https:\/\/casadeencuentrosantamaria.org\/wp-content\/uploads\/2020\/03\/1901.jpg\" alt=\"\" width=\"549\" height=\"366\" srcset=\"https:\/\/casadeencuentrosantamaria.org\/wp-content\/uploads\/2020\/03\/1901.jpg 640w, https:\/\/casadeencuentrosantamaria.org\/wp-content\/uploads\/2020\/03\/1901-600x400.jpg 600w, https:\/\/casadeencuentrosantamaria.org\/wp-content\/uploads\/2020\/03\/1901-300x200.jpg 300w\" sizes=\"(max-width: 549px) 100vw, 549px\" \/><\/p>\r\n<h1>\u00a0<\/h1>\r\n<p>&nbsp;<\/p>\r\n<h1>\u00a0<\/h1>\r\n<h1>CONVIVENCIAS Y RETIROS PARA GRUPOS ESCOLARES<\/h1>\r\n<p>&nbsp;<\/p>\r\n<p>&nbsp;<\/p>\r\n<p>&nbsp;<\/p>\r\n<figure class=\"wp-block-image\"><\/figure>\r\n\r\n<p>&nbsp;<\/p>\r\n\r\n<p><img decoding=\"async\" class=\"wp-image-2865 alignright\" src=\"https:\/\/casadeencuentrosantamaria.org\/wp-content\/uploads\/2020\/03\/1897.jpg\" alt=\"\" width=\"552\" height=\"369\" srcset=\"https:\/\/casadeencuentrosantamaria.org\/wp-content\/uploads\/2020\/03\/1897.jpg 640w, https:\/\/casadeencuentrosantamaria.org\/wp-content\/uploads\/2020\/03\/1897-600x400.jpg 600w, https:\/\/casadeencuentrosantamaria.org\/wp-content\/uploads\/2020\/03\/1897-300x200.jpg 300w\" sizes=\"(max-width: 552px) 100vw, 552px\" \/><\/p>\r\n<h1 class=\"wp-block-heading\">\u00a0<\/h1>\r\n<h1>\u00a0<\/h1>\r\n<h1>GRUPOS DE ORACI\u00d3N, REFLEXI\u00d3N Y PROFUNDIZACI\u00d3N<\/h1>\r\n<p>&nbsp;<\/p>\r\n<p>&nbsp;<\/p>\r\n<p>&nbsp;<\/p>\r\n<p>&nbsp;<\/p>\r\n<p>&nbsp;<\/p>\r\n<p>&nbsp;<\/p>\r\n\r\n<p><img loading=\"lazy\" decoding=\"async\" class=\"alignleft wp-image-2868\" src=\"https:\/\/casadeencuentrosantamaria.org\/wp-content\/uploads\/2020\/03\/18415.jpg\" alt=\"\" width=\"551\" height=\"368\" srcset=\"https:\/\/casadeencuentrosantamaria.org\/wp-content\/uploads\/2020\/03\/18415.jpg 640w, https:\/\/casadeencuentrosantamaria.org\/wp-content\/uploads\/2020\/03\/18415-600x400.jpg 600w, https:\/\/casadeencuentrosantamaria.org\/wp-content\/uploads\/2020\/03\/18415-300x200.jpg 300w\" sizes=\"(max-width: 551px) 100vw, 551px\" \/><\/p>\r\n<h1 class=\"wp-block-heading\">\u00a0<\/h1>\r\n<h1>\u00a0<\/h1>\r\n<h1>ENCUENTROS INTER CONGREGACIONALES<\/h1>\r\n<p>&nbsp;<\/p>\r\n<p>&nbsp;<\/p>\r\n<p>&nbsp;<\/p>\r\n<p>&nbsp;<\/p>\r\n\r\n<p>&nbsp;<\/p>\r\n\r\n<figure class=\"wp-block-image\"><\/figure>\r\n<figure class=\"wp-block-image\"><\/figure>\r\n<p>&nbsp;<\/p>\r\n<p><img loading=\"lazy\" decoding=\"async\" class=\"wp-image-3009 alignright\" src=\"https:\/\/casadeencuentrosantamaria.org\/wp-content\/uploads\/2020\/03\/grupos.jpg\" alt=\"\" width=\"527\" height=\"359\" \/><\/p>\r\n<h1>\u00a0<\/h1>\r\n<h1>\u00a0<\/h1>\r\n<h1>CAP\u00cdTULOS GENERALES Y PROVINCIALES<\/h1>\r\n\r\n\r\n\r\n<h1 class=\"wp-block-heading\">\u00a0<\/h1>\r\n<h1>\u00a0<\/h1>\r\n<h1>\u00a0<\/h1>\r\n<p>&nbsp;<\/p>\r\n<p>&nbsp;<\/p>\r\n<p><img loading=\"lazy\" decoding=\"async\" class=\"alignleft wp-image-2869\" src=\"https:\/\/casadeencuentrosantamaria.org\/wp-content\/uploads\/2020\/03\/18566.jpg\" alt=\"\" width=\"555\" height=\"370\" srcset=\"https:\/\/casadeencuentrosantamaria.org\/wp-content\/uploads\/2020\/03\/18566.jpg 640w, https:\/\/casadeencuentrosantamaria.org\/wp-content\/uploads\/2020\/03\/18566-600x400.jpg 600w, https:\/\/casadeencuentrosantamaria.org\/wp-content\/uploads\/2020\/03\/18566-300x200.jpg 300w\" sizes=\"(max-width: 555px) 100vw, 555px\" \/><\/p>\r\n<h1>\u00a0<\/h1>\r\n<h1>\u00a0<\/h1>\r\n<h1>DESCANSO ESPIRITUAL<\/h1>\r\n<p>&nbsp;<\/p>\r\n<p>&nbsp;<\/p>\r\n<p>&nbsp;<\/p>\r\n<p>&nbsp;<\/p>\r\n<p>&nbsp;<\/p>\r\n<p>&nbsp;<\/p>\r\n<figure class=\"wp-block-image\"><\/figure>\r\n\r\n<p>&nbsp;<\/p>\r\n\r\n<p>&nbsp;<\/p>\r\n<p><img loading=\"lazy\" decoding=\"async\" class=\"wp-image-2874 alignright\" src=\"https:\/\/casadeencuentrosantamaria.org\/wp-content\/uploads\/2020\/03\/3434550.jpg\" alt=\"\" width=\"552\" height=\"369\" srcset=\"https:\/\/casadeencuentrosantamaria.org\/wp-content\/uploads\/2020\/03\/3434550.jpg 640w, https:\/\/casadeencuentrosantamaria.org\/wp-content\/uploads\/2020\/03\/3434550-600x400.jpg 600w, https:\/\/casadeencuentrosantamaria.org\/wp-content\/uploads\/2020\/03\/3434550-300x200.jpg 300w\" sizes=\"(max-width: 552px) 100vw, 552px\" \/><\/p>\r\n<h1 class=\"wp-block-heading\">\u00a0<\/h1>\r\n<h1>\u00a0<\/h1>\r\n<h1>CURSOS DE FORMACI\u00d3N<\/h1>\r\n\r\n\r\n\r\n<h1 class=\"wp-block-heading\">\u00a0<\/h1>\r\n<h1>\u00a0<\/h1>\r\n<h1>\u00a0<\/h1>\r\n<p>&nbsp;<\/p>\r\n<p>&nbsp;<\/p>\r\n<p><img loading=\"lazy\" decoding=\"async\" class=\"alignleft wp-image-2872\" src=\"https:\/\/casadeencuentrosantamaria.org\/wp-content\/uploads\/2020\/03\/2313359.jpg\" alt=\"\" width=\"548\" height=\"366\" srcset=\"https:\/\/casadeencuentrosantamaria.org\/wp-content\/uploads\/2020\/03\/2313359.jpg 640w, https:\/\/casadeencuentrosantamaria.org\/wp-content\/uploads\/2020\/03\/2313359-600x400.jpg 600w, https:\/\/casadeencuentrosantamaria.org\/wp-content\/uploads\/2020\/03\/2313359-300x200.jpg 300w\" sizes=\"(max-width: 548px) 100vw, 548px\" \/><\/p>\r\n<h1>\u00a0<\/h1>\r\n<h1>\u00a0<\/h1>\r\n<h1>D\u00cdAS DE RETIRO PERSONALIZADOS<\/h1>\r\n\r\n<p>&nbsp;<\/p>\r\n\r\n<p>&nbsp;<\/p>\r\n\r\n<h1 class=\"wp-block-heading\">\u00a0<\/h1>\r\n<p>&nbsp;<\/p>\r\n<p>&nbsp;<\/p>\r\n\r\n<p>&nbsp;<\/p>\r\n\r\n<h1 class=\"wp-block-heading\">\u00a0<\/h1>\r\n<p>&nbsp;<\/p>\r\n<p>&nbsp;<\/p>\r\n<h1><img loading=\"lazy\" decoding=\"async\" class=\"wp-image-2873 alignright\" src=\"https:\/\/casadeencuentrosantamaria.org\/wp-content\/uploads\/2020\/03\/2369152.jpg\" alt=\"\" width=\"556\" height=\"312\" srcset=\"https:\/\/casadeencuentrosantamaria.org\/wp-content\/uploads\/2020\/03\/2369152.jpg 640w, https:\/\/casadeencuentrosantamaria.org\/wp-content\/uploads\/2020\/03\/2369152-600x338.jpg 600w, https:\/\/casadeencuentrosantamaria.org\/wp-content\/uploads\/2020\/03\/2369152-300x169.jpg 300w\" sizes=\"(max-width: 556px) 100vw, 556px\" \/><\/h1>\r\n<p>&nbsp;<\/p>\r\n<h1>\u00a0<\/h1>\r\n<h1>PERSONAS QUE QUIERAN \u201cPARAR\u201d Y ENCONTRARSE CONSIGO MISMAS, CON LOS DEM\u00c1S Y CON DIOS.<\/h1>\r\n<p>&nbsp;<\/p>\r\n<p>&nbsp;<\/p>\r\n<p>&nbsp;<\/p>\r\n<p>&nbsp;<\/p>\r\n<p>&nbsp;<\/p>\r\n\r\n<h2><a href=\"https:\/\/casadeencuentrosantamaria.org\/?page_id=576\">CONT\u00c1CTANOS Y CU\u00c9NTANOS TUS NECESIDADES<\/a><\/h2>\r\n\r\n<p>&nbsp;<\/p>\r\n<p>[\/vc_column_text][\/vc_column][\/vc_row]<\/p><\/div>","protected":false},"excerpt":{"rendered":"[vc_row][vc_column][vc_column_text] LA CASA DEENCUENTROS SANTA MAR\u00cdAEST\u00c1 ABIERTA A\u2026 &nbsp; &nbsp; \u00a0 \u00a0 \u00a0 CONVIVENCIAS Y RETIROS PARA J\u00d3VENES Y ADULTOS \u00a0 &nbsp; &nbsp; &nbsp; \u00a0 &nbsp; \u00a0 CONVIVENCIAS Y RETIROS &#8230;","protected":false},"author":1,"featured_media":0,"parent":0,"menu_order":0,"comment_status":"closed","ping_status":"closed","template":"","meta":{"_EventAllDay":false,"_EventTimezone":"","_EventStartDate":"","_EventEndDate":"","_EventStartDateUTC":"","_EventEndDateUTC":"","_EventShowMap":false,"_EventShowMapLink":false,"_EventURL":"","_EventCost":"","_EventCostDescription":"","_EventCurrencySymbol":"","_EventCurrencyCode":"","_EventCurrencyPosition":"","_EventDateTimeSeparator":"","_EventTimeRangeSeparator":"","_EventOrganizerID":[],"_EventVenueID":[],"_OrganizerEmail":"","_OrganizerPhone":"","_OrganizerWebsite":"","_VenueAddress":"","_VenueCity":"","_VenueCountry":"","_VenueProvince":"","_VenueState":"","_VenueZip":"","_VenuePhone":"","_VenueURL":"","_VenueStateProvince":"","_VenueLat":"","_VenueLng":"","_VenueShowMap":false,"_VenueShowMapLink":false,"footnotes":""},"class_list":["post-2853","page","type-page","status-publish","hentry"],"_links":{"self":[{"href":"https:\/\/casadeencuentrosantamaria.org\/index.php?rest_route=\/wp\/v2\/pages\/2853"}],"collection":[{"href":"https:\/\/casadeencuentrosantamaria.org\/index.php?rest_route=\/wp\/v2\/pages"}],"about":[{"href":"https:\/\/casadeencuentrosantamaria.org\/index.php?rest_route=\/wp\/v2\/types\/page"}],"author":[{"embeddable":true,"href":"https:\/\/casadeencuentrosantamaria.org\/index.php?rest_route=\/wp\/v2\/users\/1"}],"replies":[{"embeddable":true,"href":"https:\/\/casadeencuentrosantamaria.org\/index.php?rest_route=%2Fwp%2Fv2%2Fcomments&post=2853"}],"version-history":[{"count":3,"href":"https:\/\/casadeencuentrosantamaria.org\/index.php?rest_route=\/wp\/v2\/pages\/2853\/revisions"}],"predecessor-version":[{"id":3728,"href":"https:\/\/casadeencuentrosantamaria.org\/index.php?rest_route=\/wp\/v2\/pages\/2853\/revisions\/3728"}],"wp:attachment":[{"href":"https:\/\/casadeencuentrosantamaria.org\/index.php?rest_route=%2Fwp%2Fv2%2Fmedia&parent=2853"}],"curies":[{"name":"wp","href":"https:\/\/api.w.org\/{rel}","templated":true}]}}