{"id":576,"date":"2017-08-21T07:43:19","date_gmt":"2017-08-21T12:43:19","guid":{"rendered":"https:\/\/victorthemes.com\/themes\/groppe\/?page_id=576"},"modified":"2020-03-05T14:50:07","modified_gmt":"2020-03-05T19:50:07","slug":"contact","status":"publish","type":"page","link":"https:\/\/casadeencuentrosantamaria.org\/?page_id=576","title":{"rendered":"Contacto"},"content":{"rendered":"<div class=\"wpb-content-wrapper\"><p>[vc_row][vc_column][vc_column_text]<\/p>\n<h2>Contacto<\/h2>\n<p>Casa de Encuentros Santa Mar\u00eda.<\/p>\n<p>Calle 175 No. 17 B 92 Bogot\u00e1, Colombia<\/p>\n<p>Tel\u00e9fono: (571) 669 08 44<\/p>\n<p>Celular: 314 435 1389<\/p>\n<p>email: comunidadsantamaria17@gmail.com[\/vc_column_text][\/vc_column][\/vc_row][vc_row][vc_column][vc_gmaps link=&#8221;#E-8_JTNDaWZyYW1lJTIwc3JjJTNEJTIyaHR0cHMlM0ElMkYlMkZ3d3cuZ29vZ2xlLmNvbSUyRm1hcHMlMkZlbWJlZCUzRnBiJTNEJTIxMW0xOCUyMTFtMTIlMjExbTMlMjExZDM5NzYuMDgzMTkyNjQ2NTk3NiUyMTJkLTc0LjA0NDU1ODc4NTcwNjI3JTIxM2Q0Ljc1NTU2NDY0MjUwNDY2MyUyMTJtMyUyMTFmMCUyMTJmMCUyMTNmMCUyMTNtMiUyMTFpMTAyNCUyMTJpNzY4JTIxNGYxMy4xJTIxM20zJTIxMW0yJTIxMXMweDhlM2Y4NTlhYThjMmY0ZjklMjUzQTB4ODFkNTk4ODUwNGFjNGQ2NSUyMTJzQ0FTQSUyNTIwU0FOVEElMjUyME1BUiUyNUMzJTI1OERBJTIxNWUwJTIxM20yJTIxMXNlcy00MTklMjEyc2NvJTIxNHYxNTgzMzQyOTM3OTMzJTIxNW0yJTIxMXNlcy00MTklMjEyc2NvJTIyJTIwd2lkdGglM0QlMjI2MDAlMjIlMjBoZWlnaHQlM0QlMjI0NTAlMjIlMjBmcmFtZWJvcmRlciUzRCUyMjAlMjIlMjBzdHlsZSUzRCUyMmJvcmRlciUzQTAlM0IlMjIlMjBhbGxvd2Z1bGxzY3JlZW4lM0QlMjIlMjIlM0UlM0MlMkZpZnJhbWUlM0U=&#8221;][\/vc_column][\/vc_row]<\/p>\n<\/div>","protected":false},"excerpt":{"rendered":"[vc_row][vc_column][vc_column_text] Contacto Casa de Encuentros Santa Mar\u00eda. Calle 175 No. 17 B 92 Bogot\u00e1, Colombia Tel\u00e9fono: (571) 669 08 44 Celular: 314 435 1389 email: comunidadsantamaria17@gmail.com[\/vc_column_text][\/vc_column][\/vc_row][vc_row][vc_column][vc_gmaps link=&#8221;#E-8_JTNDaWZyYW1lJTIwc3JjJTNEJTIyaHR0cHMlM0ElMkYlMkZ3d3cuZ29vZ2xlLmNvbSUyRm1hcHMlMkZlbWJlZCUzRnBiJTNEJTIxMW0xOCUyMTFtMTIlMjExbTMlMjExZDM5NzYuMDgzMTkyNjQ2NTk3NiUyMTJkLTc0LjA0NDU1ODc4NTcwNjI3JTIxM2Q0Ljc1NTU2NDY0MjUwNDY2MyUyMTJtMyUyMTFmMCUyMTJmMCUyMTNmMCUyMTNtMiUyMTFpMTAyNCUyMTJpNzY4JTIxNGYxMy4xJTIxM20zJTIxMW0yJTIxMXMweDhlM2Y4NTlhYThjMmY0ZjklMjUzQTB4ODFkNTk4ODUwNGFjNGQ2NSUyMTJzQ0FTQSUyNTIwU0FOVEElMjUyME1BUiUyNUMzJTI1OERBJTIxNWUwJTIxM20yJTIxMXNlcy00MTklMjEyc2NvJTIxNHYxNTgzMzQyOTM3OTMzJTIxNW0yJTIxMXNlcy00MTklMjEyc2NvJTIyJTIwd2lkdGglM0QlMjI2MDAlMjIlMjBoZWlnaHQlM0QlMjI0NTAlMjIlMjBmcmFtZWJvcmRlciUzRCUyMjAlMjIlMjBzdHlsZSUzRCUyMmJvcmRlciUzQTAlM0IlMjIlMjBhbGxvd2Z1bGxzY3JlZW4lM0QlMjIlMjIlM0UlM0MlMkZpZnJhbWUlM0U=&#8221;][\/vc_column][\/vc_row]","protected":false},"author":1,"featured_media":0,"parent":0,"menu_order":0,"comment_status":"closed","ping_status":"closed","template":"","meta":{"_EventAllDay":false,"_EventTimezone":"","_EventStartDate":"","_EventEndDate":"","_EventStartDateUTC":"","_EventEndDateUTC":"","_EventShowMap":false,"_EventShowMapLink":false,"_EventURL":"","_EventCost":"","_EventCostDescription":"","_EventCurrencySymbol":"","_EventCurrencyCode":"","_EventCurrencyPosition":"","_EventDateTimeSeparator":"","_EventTimeRangeSeparator":"","_EventOrganizerID":[],"_EventVenueID":[],"_OrganizerEmail":"","_OrganizerPhone":"","_OrganizerWebsite":"","_VenueAddress":"","_VenueCity":"","_VenueCountry":"","_VenueProvince":"","_VenueState":"","_VenueZip":"","_VenuePhone":"","_VenueURL":"","_VenueStateProvince":"","_VenueLat":"","_VenueLng":"","_VenueShowMap":false,"_VenueShowMapLink":false,"footnotes":""},"class_list":["post-576","page","type-page","status-publish","hentry"],"_links":{"self":[{"href":"https:\/\/casadeencuentrosantamaria.org\/index.php?rest_route=\/wp\/v2\/pages\/576"}],"collection":[{"href":"https:\/\/casadeencuentrosantamaria.org\/index.php?rest_route=\/wp\/v2\/pages"}],"about":[{"href":"https:\/\/casadeencuentrosantamaria.org\/index.php?rest_route=\/wp\/v2\/types\/page"}],"author":[{"embeddable":true,"href":"https:\/\/casadeencuentrosantamaria.org\/index.php?rest_route=\/wp\/v2\/users\/1"}],"replies":[{"embeddable":true,"href":"https:\/\/casadeencuentrosantamaria.org\/index.php?rest_route=%2Fwp%2Fv2%2Fcomments&post=576"}],"version-history":[{"count":0,"href":"https:\/\/casadeencuentrosantamaria.org\/index.php?rest_route=\/wp\/v2\/pages\/576\/revisions"}],"wp:attachment":[{"href":"https:\/\/casadeencuentrosantamaria.org\/index.php?rest_route=%2Fwp%2Fv2%2Fmedia&parent=576"}],"curies":[{"name":"wp","href":"https:\/\/api.w.org\/{rel}","templated":true}]}}